{"id":2454,"date":"2021-03-22T20:27:38","date_gmt":"2021-03-22T19:27:38","guid":{"rendered":"https:\/\/malamik.se\/shop\/?page_id=2454"},"modified":"2021-03-22T23:30:10","modified_gmt":"2021-03-22T22:30:10","slug":"sa-handlar-du","status":"publish","type":"page","link":"https:\/\/malamik.se\/shop\/sa-handlar-du\/","title":{"rendered":"S\u00e5 handlar du"},"content":{"rendered":"\n<h2>Keramik take away &#8211; M\u00e5la hemma<\/h2>\n\n\n\n<p>N\u00e4r du best\u00e4ller keramik att m\u00e5la hemma v\u00e4ljer du vilka f\u00f6rem\u00e5l du vill ha. N\u00e4r du m\u00e5lar hemma f\u00e5r du 20% rabatt p\u00e5 priset det kostar att m\u00e5la i studion. Detta \u00e4r justerat i priser p\u00e5 hemsidan. M\u00e5lar du hemma beh\u00f6ver du ocks\u00e5 k\u00f6pa till f\u00e4rg, och de kan k\u00f6pas i burkar om 5, 10, 20 och 50 ml.<\/p>\n\n\n\n<ol><li><strong>V\u00e4lj f\u00f6rem\u00e5l<\/strong><\/li><li><strong>V\u00e4lj f\u00e4rger<\/strong> &#8211; Du beh\u00f6ver k\u00f6pa till f\u00e4rg som passar till att m\u00e5la keramik med. Du kan k\u00f6pa dem i burkar om 5, 10, 20 och 50 ml. <\/li><\/ol>\n\n\n\n<p>Hur mycket f\u00e4rg du beh\u00f6ver beror p\u00e5 hur stort f\u00f6rem\u00e5l du m\u00e5lar, och hur m\u00e5nga lager f\u00e4rg du tar p\u00e5. Du beh\u00f6ver 3 lager f\u00e4rg f\u00f6r att f\u00e5 ett t\u00e4ckande lager.<\/p>\n\n\n\n<p>F\u00f6r att m\u00e5la de flesta muggar beh\u00f6ver du ca 20 ml f\u00e4rg om du ska m\u00e5la hela f\u00f6rem\u00e5let i 3 lager. En normalstor tekanna beh\u00f6ver ca 30 ml. Ska du bara m\u00e5la detaljer s\u00e5 beh\u00f6ver du mindre f\u00e4rg.<\/p>\n\n\n\n<p>M\u00e5la s\u00e5 mycket eller s\u00e5 lite du vill om du k\u00f6per ett h\u00e4mtpaket. Det som inte m\u00e5lats kommer f\u00e5 en skyddad yta, eftersom vi klarglaserar f\u00f6rem\u00e5len innan br\u00e4nning.<\/p>\n\n\n\n<ol><li><strong>K\u00f6p tillbeh\u00f6r<\/strong> &#8211; Har du inga penslar hemma kan du k\u00f6pa till det och annat i kategorin &#8221;Tillbeh\u00f6r&#8221;.<\/li><li><strong>G\u00e5 till kassan<\/strong> &#8211; Kolla s\u00e5 din order ser ut att st\u00e4mma, skriv in eventuella rabattkoder, skriv kontaktuppgifter. <\/li><li><strong>V\u00e4lj leveranss\u00e4tt<\/strong> &#8211; Du kan v\u00e4lja att h\u00e4mta upp i studion p\u00e5 Skolgatan 3 i Lund under drop in-tiderna, eller f\u00e5 hemk\u00f6rt om du bor inom Lunds stad. Skriv i meddelanderutan om det \u00e4r s\u00e4rskilda leveransinstruktioner, eller vilken dag du \u00f6nskar h\u00e4mta i studion.<\/li><\/ol>\n\n\n\n<p><strong>N\u00e4r du f\u00e5tt sakerna:<\/strong><\/p>\n\n\n\n<p><strong>M\u00e5la!<\/strong> Du f\u00e5r med ett papper med instruktioner och m\u00e5lningstips, och l\u00e4nk till inspiration<\/p>\n\n\n\n<p><strong>L\u00e4mna!<\/strong> Kom under v\u00e5ra drop in-tider f\u00f6r att l\u00e4mna in dina saker f\u00f6r br\u00e4nning. Vi br\u00e4nner sedan dem i v\u00e5r ugn i 1000 grader.<\/p>\n\n\n\n<p><strong>H\u00e4mta!<\/strong>  N\u00e4r du l\u00e4mnat in keramiken blir du meddelad n\u00e4r du kan h\u00e4mta upp den igen. Den \u00e4r vanligtvis f\u00e4rdig inom 1 vecka.<\/p>\n\n\n\n<h2>K\u00f6pa klarglaserat<\/h2>\n\n\n\n<p>Vill du ha f\u00f6rem\u00e5l som \u00e4r bara helt vita, men klara att anv\u00e4nda? Du kan k\u00f6pa dem klarglaserade! Skriv bara &#8221;klarglaserad&#8221; i meddelanderutan i kassan innan du slutf\u00f6r best\u00e4llningen.<\/p>\n\n\n\n<p><\/p>\n\n\n\n<h2>K\u00f6pa skr\u00f6jbr\u00e4nda f\u00f6rem\u00e5l<\/h2>\n\n\n\n<p>Vill du k\u00f6pa endast de skr\u00f6jbr\u00e4nda f\u00f6rem\u00e5len, och m\u00e5la och br\u00e4nna sj\u00e4lv? Kontakta oss!<\/p>\n\n\n\n<p><\/p>\n\n\n\n<h2>K\u00f6pa presentkort<\/h2>\n\n\n\n<p>Presentkorten g\u00e5r att anv\u00e4nda b\u00e5de i studion och p\u00e5 hemsidan. Med kortet f\u00f6ljer en kod som du skriver in i kassan innan du slutf\u00f6r din best\u00e4llning. Du kan best\u00e4lla b\u00e5de digitala presentkort och fysiska presentkort.<\/p>\n\n\n\n<p><\/p>\n\n\n\n<h2>K\u00f6pa design och hantverk<\/h2>\n\n\n\n<p>Vill du k\u00f6pa f\u00f6rem\u00e5l i kategorin &#8221;Design och hantverk&#8221; handlar du som i en vanlig webbshop. Du kan h\u00e4mta upp varorna i studion eller f\u00e5 dem hemskickade, v\u00e4lj leveranss\u00e4tt i kassan.<\/p>\n\n\n\n<p><\/p>\n\n\n\n<h2>\u00c5ngerr\u00e4tt<\/h2>\n\n\n\n<p>Enligt svensk lag har du 14 dagars \u00e5ngerr\u00e4tt vid distansk\u00f6p. Kontakta oss inom 14 dagar fr\u00e5n leverans om du \u00e5ngrar ditt k\u00f6p. \u00c5ngerr\u00e4tten g\u00e4ller inte vid k\u00f6p av hygienartiklar, och varorna ska vara oanv\u00e4nda och i nyskick. Du kan till exempel inte l\u00e4mna tillbaka helt eller delvis m\u00e5lade eller br\u00e4nda f\u00f6rem\u00e5l.<\/p>\n\n\n\n<p><\/p>\n\n\n\n<h2>Reklamation<\/h2>\n\n\n\n<p>Har du klagom\u00e5l p\u00e5 din vara s\u00e5 kontakta oss.<\/p>\n","protected":false},"excerpt":{"rendered":"<p>Keramik take away &#8211; M\u00e5la hemma N\u00e4r du best\u00e4ller keramik att m\u00e5la hemma v\u00e4ljer du vilka f\u00f6rem\u00e5l du vill ha. N\u00e4r du m\u00e5lar hemma f\u00e5r du 20% rabatt p\u00e5 priset det kostar att m\u00e5la i studion. Detta \u00e4r justerat i priser p\u00e5 hemsidan. M\u00e5lar du hemma beh\u00f6ver du ocks\u00e5 k\u00f6pa till f\u00e4rg, och de kan [&hellip;]<\/p>\n","protected":false},"author":1,"featured_media":0,"parent":0,"menu_order":0,"comment_status":"closed","ping_status":"closed","template":"","meta":{"spay_email":""},"yoast_head":"<!-- This site is optimized with the Yoast SEO plugin v16.7 - https:\/\/yoast.com\/wordpress\/plugins\/seo\/ -->\n<title>S\u00e5 handlar du - M\u00e5lamiks webbshop<\/title>\n<meta name=\"robots\" content=\"index, follow, max-snippet:-1, max-image-preview:large, max-video-preview:-1\" \/>\n<link rel=\"canonical\" href=\"https:\/\/malamik.se\/shop\/sa-handlar-du\/\" \/>\n<meta property=\"og:locale\" content=\"sv_SE\" \/>\n<meta property=\"og:type\" content=\"article\" \/>\n<meta property=\"og:title\" content=\"S\u00e5 handlar du - M\u00e5lamiks webbshop\" \/>\n<meta property=\"og:description\" content=\"Keramik take away &#8211; M\u00e5la hemma N\u00e4r du best\u00e4ller keramik att m\u00e5la hemma v\u00e4ljer du vilka f\u00f6rem\u00e5l du vill ha. N\u00e4r du m\u00e5lar hemma f\u00e5r du 20% rabatt p\u00e5 priset det kostar att m\u00e5la i studion. Detta \u00e4r justerat i priser p\u00e5 hemsidan. M\u00e5lar du hemma beh\u00f6ver du ocks\u00e5 k\u00f6pa till f\u00e4rg, och de kan [&hellip;]\" \/>\n<meta property=\"og:url\" content=\"https:\/\/malamik.se\/shop\/sa-handlar-du\/\" \/>\n<meta property=\"og:site_name\" content=\"M\u00e5lamiks webbshop\" \/>\n<meta property=\"article:modified_time\" content=\"2021-03-22T22:30:10+00:00\" \/>\n<meta name=\"twitter:card\" content=\"summary_large_image\" \/>\n<meta name=\"twitter:label1\" content=\"Ber\u00e4knad l\u00e4stid\" \/>\n\t<meta name=\"twitter:data1\" content=\"3 minuter\" \/>\n<script type=\"application\/ld+json\" class=\"yoast-schema-graph\">{\"@context\":\"https:\/\/schema.org\",\"@graph\":[{\"@type\":\"WebSite\",\"@id\":\"https:\/\/malamik.se\/shop\/#website\",\"url\":\"https:\/\/malamik.se\/shop\/\",\"name\":\"M\\u00e5lamiks webbshop\",\"description\":\"\",\"potentialAction\":[{\"@type\":\"SearchAction\",\"target\":{\"@type\":\"EntryPoint\",\"urlTemplate\":\"https:\/\/malamik.se\/shop\/?s={search_term_string}\"},\"query-input\":\"required name=search_term_string\"}],\"inLanguage\":\"sv-SE\"},{\"@type\":\"WebPage\",\"@id\":\"https:\/\/malamik.se\/shop\/sa-handlar-du\/#webpage\",\"url\":\"https:\/\/malamik.se\/shop\/sa-handlar-du\/\",\"name\":\"S\\u00e5 handlar du - M\\u00e5lamiks webbshop\",\"isPartOf\":{\"@id\":\"https:\/\/malamik.se\/shop\/#website\"},\"datePublished\":\"2021-03-22T19:27:38+00:00\",\"dateModified\":\"2021-03-22T22:30:10+00:00\",\"breadcrumb\":{\"@id\":\"https:\/\/malamik.se\/shop\/sa-handlar-du\/#breadcrumb\"},\"inLanguage\":\"sv-SE\",\"potentialAction\":[{\"@type\":\"ReadAction\",\"target\":[\"https:\/\/malamik.se\/shop\/sa-handlar-du\/\"]}]},{\"@type\":\"BreadcrumbList\",\"@id\":\"https:\/\/malamik.se\/shop\/sa-handlar-du\/#breadcrumb\",\"itemListElement\":[{\"@type\":\"ListItem\",\"position\":1,\"name\":\"Hem\",\"item\":\"https:\/\/malamik.se\/shop\/\"},{\"@type\":\"ListItem\",\"position\":2,\"name\":\"S\\u00e5 handlar du\"}]}]}<\/script>\n<!-- \/ Yoast SEO plugin. -->","yoast_head_json":{"title":"S\u00e5 handlar du - M\u00e5lamiks webbshop","robots":{"index":"index","follow":"follow","max-snippet":"max-snippet:-1","max-image-preview":"max-image-preview:large","max-video-preview":"max-video-preview:-1"},"canonical":"https:\/\/malamik.se\/shop\/sa-handlar-du\/","og_locale":"sv_SE","og_type":"article","og_title":"S\u00e5 handlar du - M\u00e5lamiks webbshop","og_description":"Keramik take away &#8211; M\u00e5la hemma N\u00e4r du best\u00e4ller keramik att m\u00e5la hemma v\u00e4ljer du vilka f\u00f6rem\u00e5l du vill ha. N\u00e4r du m\u00e5lar hemma f\u00e5r du 20% rabatt p\u00e5 priset det kostar att m\u00e5la i studion. Detta \u00e4r justerat i priser p\u00e5 hemsidan. M\u00e5lar du hemma beh\u00f6ver du ocks\u00e5 k\u00f6pa till f\u00e4rg, och de kan [&hellip;]","og_url":"https:\/\/malamik.se\/shop\/sa-handlar-du\/","og_site_name":"M\u00e5lamiks webbshop","article_modified_time":"2021-03-22T22:30:10+00:00","twitter_card":"summary_large_image","twitter_misc":{"Ber\u00e4knad l\u00e4stid":"3 minuter"},"schema":{"@context":"https:\/\/schema.org","@graph":[{"@type":"WebSite","@id":"https:\/\/malamik.se\/shop\/#website","url":"https:\/\/malamik.se\/shop\/","name":"M\u00e5lamiks webbshop","description":"","potentialAction":[{"@type":"SearchAction","target":{"@type":"EntryPoint","urlTemplate":"https:\/\/malamik.se\/shop\/?s={search_term_string}"},"query-input":"required name=search_term_string"}],"inLanguage":"sv-SE"},{"@type":"WebPage","@id":"https:\/\/malamik.se\/shop\/sa-handlar-du\/#webpage","url":"https:\/\/malamik.se\/shop\/sa-handlar-du\/","name":"S\u00e5 handlar du - M\u00e5lamiks webbshop","isPartOf":{"@id":"https:\/\/malamik.se\/shop\/#website"},"datePublished":"2021-03-22T19:27:38+00:00","dateModified":"2021-03-22T22:30:10+00:00","breadcrumb":{"@id":"https:\/\/malamik.se\/shop\/sa-handlar-du\/#breadcrumb"},"inLanguage":"sv-SE","potentialAction":[{"@type":"ReadAction","target":["https:\/\/malamik.se\/shop\/sa-handlar-du\/"]}]},{"@type":"BreadcrumbList","@id":"https:\/\/malamik.se\/shop\/sa-handlar-du\/#breadcrumb","itemListElement":[{"@type":"ListItem","position":1,"name":"Hem","item":"https:\/\/malamik.se\/shop\/"},{"@type":"ListItem","position":2,"name":"S\u00e5 handlar du"}]}]}},"_links":{"self":[{"href":"https:\/\/malamik.se\/shop\/wp-json\/wp\/v2\/pages\/2454"}],"collection":[{"href":"https:\/\/malamik.se\/shop\/wp-json\/wp\/v2\/pages"}],"about":[{"href":"https:\/\/malamik.se\/shop\/wp-json\/wp\/v2\/types\/page"}],"author":[{"embeddable":true,"href":"https:\/\/malamik.se\/shop\/wp-json\/wp\/v2\/users\/1"}],"replies":[{"embeddable":true,"href":"https:\/\/malamik.se\/shop\/wp-json\/wp\/v2\/comments?post=2454"}],"version-history":[{"count":3,"href":"https:\/\/malamik.se\/shop\/wp-json\/wp\/v2\/pages\/2454\/revisions"}],"predecessor-version":[{"id":2458,"href":"https:\/\/malamik.se\/shop\/wp-json\/wp\/v2\/pages\/2454\/revisions\/2458"}],"wp:attachment":[{"href":"https:\/\/malamik.se\/shop\/wp-json\/wp\/v2\/media?parent=2454"}],"curies":[{"name":"wp","href":"https:\/\/api.w.org\/{rel}","templated":true}]}}