{"id":2139,"date":"2021-02-02T14:10:41","date_gmt":"2021-02-02T14:10:41","guid":{"rendered":"https:\/\/malamik.se\/shop\/produkt\/anteckningsblock-med-black-och-fjader\/"},"modified":"2022-10-24T20:43:22","modified_gmt":"2022-10-24T19:43:22","slug":"anteckningsblock-med-black-och-fjader","status":"publish","type":"product","link":"https:\/\/malamik.se\/shop\/produkt\/anteckningsblock-med-black-och-fjader\/","title":{"rendered":"Laserskuret block med bl\u00e4ck och fj\u00e4der"},"content":{"rendered":"<p>Ett vackert anteckningsblock fr\u00e5n Komoni gjort i \u00e5tervunna material. Motiv med bl\u00e4ck och fj\u00e4der.<\/p>\n<p>L\u00e5t blocket bli en unik present till en v\u00e4n eller till dig sj\u00e4lv!<\/p>\n<p>Fram och baksida i FSC certifierat tr\u00e4material (MDF). Framsidan har ett motiv utskuret med laser med en bild bakom.<\/p>\n<p>Insida med oblekta \u00e5tervunna FSC certifierat papper. Ca 100 sidor.<\/p>\n<p>Finns i flera format.<\/p>\n<p>&nbsp;<\/p>\n<p>Komoni \u00e4r ett litet f\u00f6retag i Nederl\u00e4nderna som g\u00f6r vackra laserskurna anteckningsblock i \u00e5tervunna material.<\/p>\n<p>&nbsp;<\/p>\n","protected":false},"excerpt":{"rendered":"<p>Ett vackert anteckningsblock fr\u00e5n Komoni gjort i \u00e5tervunna material. Motiv med bl\u00e4ck och fj\u00e4der.<\/p>\n<p>L\u00e5t blocket bli en unik present till en v\u00e4n eller till dig sj\u00e4lv!<\/p>\n<p>Fram och baksida i FSC certifierat tr\u00e4material (MDF). Framsidan har ett motiv utskuret med laser med en bild bakom.<\/p>\n<p>Insida med oblekta \u00e5tervunna FSC certifierat papper. Ca 100 sidor.<\/p>\n<p>Finns i flera format.<\/p>\n<p>&nbsp;<\/p>\n<p>Komoni \u00e4r ett litet f\u00f6retag i Nederl\u00e4nderna som g\u00f6r vackra laserskurna anteckningsblock i \u00e5tervunna material.<\/p>\n<p>&nbsp;<\/p>\n","protected":false},"featured_media":2143,"template":"","meta":{"spay_email":""},"product_cat":[308,282],"product_tag":[],"yoast_head":"<!-- This site is optimized with the Yoast SEO plugin v16.7 - https:\/\/yoast.com\/wordpress\/plugins\/seo\/ -->\n<title>Laserskuret block med bl\u00e4ck och fj\u00e4der - M\u00e5lamiks webbshop<\/title>\n<meta name=\"robots\" content=\"index, follow, max-snippet:-1, max-image-preview:large, max-video-preview:-1\" \/>\n<link rel=\"canonical\" href=\"https:\/\/malamik.se\/shop\/produkt\/anteckningsblock-med-black-och-fjader\/\" \/>\n<meta property=\"og:locale\" content=\"sv_SE\" \/>\n<meta property=\"og:type\" content=\"article\" \/>\n<meta property=\"og:title\" content=\"Laserskuret block med bl\u00e4ck och fj\u00e4der - M\u00e5lamiks webbshop\" \/>\n<meta property=\"og:description\" content=\"Ett vackert anteckningsblock fr\u00e5n Komoni gjort i \u00e5tervunna material. Motiv med bl\u00e4ck och fj\u00e4der.  L\u00e5t blocket bli en unik present till en v\u00e4n eller till dig sj\u00e4lv!  Fram och baksida i FSC certifierat tr\u00e4material (MDF). Framsidan har ett motiv utskuret med laser med en bild bakom.  Insida med oblekta \u00e5tervunna FSC certifierat papper. Ca 100 sidor.  Finns i flera format.  &nbsp;  Komoni \u00e4r ett litet f\u00f6retag i Nederl\u00e4nderna som g\u00f6r vackra laserskurna anteckningsblock i \u00e5tervunna material.  &nbsp;\" \/>\n<meta property=\"og:url\" content=\"https:\/\/malamik.se\/shop\/produkt\/anteckningsblock-med-black-och-fjader\/\" \/>\n<meta property=\"og:site_name\" content=\"M\u00e5lamiks webbshop\" \/>\n<meta property=\"article:modified_time\" content=\"2022-10-24T19:43:22+00:00\" \/>\n<meta property=\"og:image\" content=\"https:\/\/malamik.se\/shop\/wp-content\/uploads\/2021\/02\/r0-jbHosEemWUzjpNnf7jQ-SJxZPGVgEeuZ6J5QaBZgEA.png\" \/>\n\t<meta property=\"og:image:width\" content=\"1500\" \/>\n\t<meta property=\"og:image:height\" content=\"1500\" \/>\n<meta name=\"twitter:card\" content=\"summary_large_image\" \/>\n<script type=\"application\/ld+json\" class=\"yoast-schema-graph\">{\"@context\":\"https:\/\/schema.org\",\"@graph\":[{\"@type\":\"WebSite\",\"@id\":\"https:\/\/malamik.se\/shop\/#website\",\"url\":\"https:\/\/malamik.se\/shop\/\",\"name\":\"M\\u00e5lamiks webbshop\",\"description\":\"\",\"potentialAction\":[{\"@type\":\"SearchAction\",\"target\":{\"@type\":\"EntryPoint\",\"urlTemplate\":\"https:\/\/malamik.se\/shop\/?s={search_term_string}\"},\"query-input\":\"required name=search_term_string\"}],\"inLanguage\":\"sv-SE\"},{\"@type\":\"ImageObject\",\"@id\":\"https:\/\/malamik.se\/shop\/produkt\/anteckningsblock-med-black-och-fjader\/#primaryimage\",\"inLanguage\":\"sv-SE\",\"url\":\"https:\/\/malamik.se\/shop\/wp-content\/uploads\/2021\/02\/r0-jbHosEemWUzjpNnf7jQ-SJxZPGVgEeuZ6J5QaBZgEA.png\",\"contentUrl\":\"https:\/\/malamik.se\/shop\/wp-content\/uploads\/2021\/02\/r0-jbHosEemWUzjpNnf7jQ-SJxZPGVgEeuZ6J5QaBZgEA.png\",\"width\":1500,\"height\":1500},{\"@type\":\"WebPage\",\"@id\":\"https:\/\/malamik.se\/shop\/produkt\/anteckningsblock-med-black-och-fjader\/#webpage\",\"url\":\"https:\/\/malamik.se\/shop\/produkt\/anteckningsblock-med-black-och-fjader\/\",\"name\":\"Laserskuret block med bl\\u00e4ck och fj\\u00e4der - M\\u00e5lamiks webbshop\",\"isPartOf\":{\"@id\":\"https:\/\/malamik.se\/shop\/#website\"},\"primaryImageOfPage\":{\"@id\":\"https:\/\/malamik.se\/shop\/produkt\/anteckningsblock-med-black-och-fjader\/#primaryimage\"},\"datePublished\":\"2021-02-02T14:10:41+00:00\",\"dateModified\":\"2022-10-24T19:43:22+00:00\",\"breadcrumb\":{\"@id\":\"https:\/\/malamik.se\/shop\/produkt\/anteckningsblock-med-black-och-fjader\/#breadcrumb\"},\"inLanguage\":\"sv-SE\",\"potentialAction\":[{\"@type\":\"ReadAction\",\"target\":[\"https:\/\/malamik.se\/shop\/produkt\/anteckningsblock-med-black-och-fjader\/\"]}]},{\"@type\":\"BreadcrumbList\",\"@id\":\"https:\/\/malamik.se\/shop\/produkt\/anteckningsblock-med-black-och-fjader\/#breadcrumb\",\"itemListElement\":[{\"@type\":\"ListItem\",\"position\":1,\"name\":\"Hem\",\"item\":\"https:\/\/malamik.se\/shop\/\"},{\"@type\":\"ListItem\",\"position\":2,\"name\":\"Webbutik\",\"item\":\"https:\/\/malamik.se\/shop\/butik\/\"},{\"@type\":\"ListItem\",\"position\":3,\"name\":\"Laserskuret block med bl\\u00e4ck och fj\\u00e4der\"}]}]}<\/script>\n<!-- \/ Yoast SEO plugin. -->","yoast_head_json":{"title":"Laserskuret block med bl\u00e4ck och fj\u00e4der - M\u00e5lamiks webbshop","robots":{"index":"index","follow":"follow","max-snippet":"max-snippet:-1","max-image-preview":"max-image-preview:large","max-video-preview":"max-video-preview:-1"},"canonical":"https:\/\/malamik.se\/shop\/produkt\/anteckningsblock-med-black-och-fjader\/","og_locale":"sv_SE","og_type":"article","og_title":"Laserskuret block med bl\u00e4ck och fj\u00e4der - M\u00e5lamiks webbshop","og_description":"Ett vackert anteckningsblock fr\u00e5n Komoni gjort i \u00e5tervunna material. Motiv med bl\u00e4ck och fj\u00e4der.  L\u00e5t blocket bli en unik present till en v\u00e4n eller till dig sj\u00e4lv!  Fram och baksida i FSC certifierat tr\u00e4material (MDF). Framsidan har ett motiv utskuret med laser med en bild bakom.  Insida med oblekta \u00e5tervunna FSC certifierat papper. Ca 100 sidor.  Finns i flera format.  &nbsp;  Komoni \u00e4r ett litet f\u00f6retag i Nederl\u00e4nderna som g\u00f6r vackra laserskurna anteckningsblock i \u00e5tervunna material.  &nbsp;","og_url":"https:\/\/malamik.se\/shop\/produkt\/anteckningsblock-med-black-och-fjader\/","og_site_name":"M\u00e5lamiks webbshop","article_modified_time":"2022-10-24T19:43:22+00:00","og_image":[{"width":1500,"height":1500,"url":"https:\/\/malamik.se\/shop\/wp-content\/uploads\/2021\/02\/r0-jbHosEemWUzjpNnf7jQ-SJxZPGVgEeuZ6J5QaBZgEA.png","path":"\/home\/malamiks\/public_html\/shop\/wp-content\/uploads\/2021\/02\/r0-jbHosEemWUzjpNnf7jQ-SJxZPGVgEeuZ6J5QaBZgEA.png","size":"full","id":2143,"alt":"","pixels":2250000,"type":"image\/png"}],"twitter_card":"summary_large_image","schema":{"@context":"https:\/\/schema.org","@graph":[{"@type":"WebSite","@id":"https:\/\/malamik.se\/shop\/#website","url":"https:\/\/malamik.se\/shop\/","name":"M\u00e5lamiks webbshop","description":"","potentialAction":[{"@type":"SearchAction","target":{"@type":"EntryPoint","urlTemplate":"https:\/\/malamik.se\/shop\/?s={search_term_string}"},"query-input":"required name=search_term_string"}],"inLanguage":"sv-SE"},{"@type":"ImageObject","@id":"https:\/\/malamik.se\/shop\/produkt\/anteckningsblock-med-black-och-fjader\/#primaryimage","inLanguage":"sv-SE","url":"https:\/\/malamik.se\/shop\/wp-content\/uploads\/2021\/02\/r0-jbHosEemWUzjpNnf7jQ-SJxZPGVgEeuZ6J5QaBZgEA.png","contentUrl":"https:\/\/malamik.se\/shop\/wp-content\/uploads\/2021\/02\/r0-jbHosEemWUzjpNnf7jQ-SJxZPGVgEeuZ6J5QaBZgEA.png","width":1500,"height":1500},{"@type":"WebPage","@id":"https:\/\/malamik.se\/shop\/produkt\/anteckningsblock-med-black-och-fjader\/#webpage","url":"https:\/\/malamik.se\/shop\/produkt\/anteckningsblock-med-black-och-fjader\/","name":"Laserskuret block med bl\u00e4ck och fj\u00e4der - M\u00e5lamiks webbshop","isPartOf":{"@id":"https:\/\/malamik.se\/shop\/#website"},"primaryImageOfPage":{"@id":"https:\/\/malamik.se\/shop\/produkt\/anteckningsblock-med-black-och-fjader\/#primaryimage"},"datePublished":"2021-02-02T14:10:41+00:00","dateModified":"2022-10-24T19:43:22+00:00","breadcrumb":{"@id":"https:\/\/malamik.se\/shop\/produkt\/anteckningsblock-med-black-och-fjader\/#breadcrumb"},"inLanguage":"sv-SE","potentialAction":[{"@type":"ReadAction","target":["https:\/\/malamik.se\/shop\/produkt\/anteckningsblock-med-black-och-fjader\/"]}]},{"@type":"BreadcrumbList","@id":"https:\/\/malamik.se\/shop\/produkt\/anteckningsblock-med-black-och-fjader\/#breadcrumb","itemListElement":[{"@type":"ListItem","position":1,"name":"Hem","item":"https:\/\/malamik.se\/shop\/"},{"@type":"ListItem","position":2,"name":"Webbutik","item":"https:\/\/malamik.se\/shop\/butik\/"},{"@type":"ListItem","position":3,"name":"Laserskuret block med bl\u00e4ck och fj\u00e4der"}]}]}},"_links":{"self":[{"href":"https:\/\/malamik.se\/shop\/wp-json\/wp\/v2\/product\/2139"}],"collection":[{"href":"https:\/\/malamik.se\/shop\/wp-json\/wp\/v2\/product"}],"about":[{"href":"https:\/\/malamik.se\/shop\/wp-json\/wp\/v2\/types\/product"}],"wp:featuredmedia":[{"embeddable":true,"href":"https:\/\/malamik.se\/shop\/wp-json\/wp\/v2\/media\/2143"}],"wp:attachment":[{"href":"https:\/\/malamik.se\/shop\/wp-json\/wp\/v2\/media?parent=2139"}],"wp:term":[{"taxonomy":"product_cat","embeddable":true,"href":"https:\/\/malamik.se\/shop\/wp-json\/wp\/v2\/product_cat?post=2139"},{"taxonomy":"product_tag","embeddable":true,"href":"https:\/\/malamik.se\/shop\/wp-json\/wp\/v2\/product_tag?post=2139"}],"curies":[{"name":"wp","href":"https:\/\/api.w.org\/{rel}","templated":true}]}}