{"id":2168,"date":"2021-02-02T22:23:08","date_gmt":"2021-02-02T22:23:08","guid":{"rendered":"https:\/\/malamik.se\/shop\/produkt\/ansiktsmask-i-tyg\/"},"modified":"2022-10-24T20:46:29","modified_gmt":"2022-10-24T19:46:29","slug":"ansiktsmask-i-tyg","status":"publish","type":"product","link":"https:\/\/malamik.se\/shop\/produkt\/ansiktsmask-i-tyg\/","title":{"rendered":"Tygmask"},"content":{"rendered":"<p>Tygmask med waleska m\u00f6nster.<\/p>\n<p>Handgjorda i Wales, Storbrittanien, av ett litet familjef\u00f6retag.<\/p>\n<p>\u00c5teranv\u00e4ndningsbar, tv\u00e4ttas i 60 grader.<\/p>\n<p>Masken har tv\u00e5 hyfsat tjocka lager tyg, men \u00e4r \u00e4nd\u00e5 l\u00e4tt att andas genom. Det innersta lagret \u00e4r i mjuk bomull, och yttre lagret \u00e4r i polyester och bomull.<\/p>\n<p>Masken f\u00e4sts runt \u00f6ronen med remmar som \u00e4r l\u00e4tta att justera.<\/p>\n<p>Tygmasken ska inte anv\u00e4ndas ist\u00e4llet f\u00f6r att h\u00e5lla avst\u00e5nd till varandra eller tv\u00e4tta h\u00e4nderna, utan i kombination med de b\u00e5da.<\/p>\n<p>Denna mask \u00e4r inte menad att skydda b\u00e4raren fr\u00e5n sjukdom, utan \u00e4r menad att skydda andra om b\u00e4raren b\u00e4r p\u00e5 en smitta utan att veta om det. Stanna hemma om du \u00e4r sjuk eller visar symtom.<\/p>\n<p>DETTA \u00c4R INTE EN MEDICINSK PRODUKT<\/p>\n<p>Detta \u00e4r en hygienprodukt, och d\u00e4rmed r\u00e5der ingen returr\u00e4tt.<\/p>\n","protected":false},"excerpt":{"rendered":"<p>Tygmasker med waleska m\u00f6nster.<\/p>\n<p>Handgjorda i Wales, Storbrittanien, av ett litet familjef\u00f6retag.<\/p>\n<p>Tv\u00e4ttas i 60 grader.<\/p>\n<p>Masken har tv\u00e5 hyfsat tjocka lager tyg, men \u00e4r \u00e4nd\u00e5 l\u00e4tt att andas genom. Det innersta lagret \u00e4r i mjuk bomull, och yttre lagret \u00e4r i polyester och bomull.<\/p>\n<p>Maskens f\u00e4sten kan l\u00e4tt justeras f\u00f6r att sitta bra.<\/p>\n<p>Tygmasken ska inte anv\u00e4ndas ist\u00e4llet f\u00f6r att h\u00e5lla avst\u00e5nd till varandra eller tv\u00e4tta h\u00e4nderna, utan i kombination till de b\u00e5da.<\/p>\n<p>DETTA \u00c4R INTE EN MEDICINSK PRODUKT<\/p>\n<p>Detta \u00e4r en hygienprodukt, och d\u00e4rmed r\u00e5der ingen returr\u00e4tt.<\/p>\n","protected":false},"featured_media":2174,"template":"","meta":{"spay_email":""},"product_cat":[308],"product_tag":[],"yoast_head":"<!-- This site is optimized with the Yoast SEO plugin v16.7 - https:\/\/yoast.com\/wordpress\/plugins\/seo\/ -->\n<title>Tygmask - M\u00e5lamiks webbshop<\/title>\n<meta name=\"robots\" content=\"index, follow, max-snippet:-1, max-image-preview:large, max-video-preview:-1\" \/>\n<link rel=\"canonical\" href=\"https:\/\/malamik.se\/shop\/produkt\/ansiktsmask-i-tyg\/\" \/>\n<meta property=\"og:locale\" content=\"sv_SE\" \/>\n<meta property=\"og:type\" content=\"article\" \/>\n<meta property=\"og:title\" content=\"Tygmask - M\u00e5lamiks webbshop\" \/>\n<meta property=\"og:description\" content=\"Tygmasker med waleska m\u00f6nster.  Handgjorda i Wales, Storbrittanien, av ett litet familjef\u00f6retag.  Tv\u00e4ttas i 60 grader.  Masken har tv\u00e5 hyfsat tjocka lager tyg, men \u00e4r \u00e4nd\u00e5 l\u00e4tt att andas genom. Det innersta lagret \u00e4r i mjuk bomull, och yttre lagret \u00e4r i polyester och bomull.  Maskens f\u00e4sten kan l\u00e4tt justeras f\u00f6r att sitta bra.  Tygmasken ska inte anv\u00e4ndas ist\u00e4llet f\u00f6r att h\u00e5lla avst\u00e5nd till varandra eller tv\u00e4tta h\u00e4nderna, utan i kombination till de b\u00e5da.  DETTA \u00c4R INTE EN MEDICINSK PRODUKT  Detta \u00e4r en hygienprodukt, och d\u00e4rmed r\u00e5der ingen returr\u00e4tt.\" \/>\n<meta property=\"og:url\" content=\"https:\/\/malamik.se\/shop\/produkt\/ansiktsmask-i-tyg\/\" \/>\n<meta property=\"og:site_name\" content=\"M\u00e5lamiks webbshop\" \/>\n<meta property=\"article:modified_time\" content=\"2022-10-24T19:46:29+00:00\" \/>\n<meta property=\"og:image\" content=\"https:\/\/malamik.se\/shop\/wp-content\/uploads\/2021\/02\/r0-jbHosEemWUzjpNnf7jQ-dDcAEmWkEeuE9Mnn_41hrA.jpeg\" \/>\n\t<meta property=\"og:image:width\" content=\"720\" \/>\n\t<meta property=\"og:image:height\" content=\"960\" \/>\n<meta name=\"twitter:card\" content=\"summary_large_image\" \/>\n<meta name=\"twitter:label1\" content=\"Ber\u00e4knad l\u00e4stid\" \/>\n\t<meta name=\"twitter:data1\" content=\"1 minut\" \/>\n<script type=\"application\/ld+json\" class=\"yoast-schema-graph\">{\"@context\":\"https:\/\/schema.org\",\"@graph\":[{\"@type\":\"WebSite\",\"@id\":\"https:\/\/malamik.se\/shop\/#website\",\"url\":\"https:\/\/malamik.se\/shop\/\",\"name\":\"M\\u00e5lamiks webbshop\",\"description\":\"\",\"potentialAction\":[{\"@type\":\"SearchAction\",\"target\":{\"@type\":\"EntryPoint\",\"urlTemplate\":\"https:\/\/malamik.se\/shop\/?s={search_term_string}\"},\"query-input\":\"required name=search_term_string\"}],\"inLanguage\":\"sv-SE\"},{\"@type\":\"ImageObject\",\"@id\":\"https:\/\/malamik.se\/shop\/produkt\/ansiktsmask-i-tyg\/#primaryimage\",\"inLanguage\":\"sv-SE\",\"url\":\"https:\/\/malamik.se\/shop\/wp-content\/uploads\/2021\/02\/r0-jbHosEemWUzjpNnf7jQ-dDcAEmWkEeuE9Mnn_41hrA.jpeg\",\"contentUrl\":\"https:\/\/malamik.se\/shop\/wp-content\/uploads\/2021\/02\/r0-jbHosEemWUzjpNnf7jQ-dDcAEmWkEeuE9Mnn_41hrA.jpeg\",\"width\":720,\"height\":960},{\"@type\":\"WebPage\",\"@id\":\"https:\/\/malamik.se\/shop\/produkt\/ansiktsmask-i-tyg\/#webpage\",\"url\":\"https:\/\/malamik.se\/shop\/produkt\/ansiktsmask-i-tyg\/\",\"name\":\"Tygmask - M\\u00e5lamiks webbshop\",\"isPartOf\":{\"@id\":\"https:\/\/malamik.se\/shop\/#website\"},\"primaryImageOfPage\":{\"@id\":\"https:\/\/malamik.se\/shop\/produkt\/ansiktsmask-i-tyg\/#primaryimage\"},\"datePublished\":\"2021-02-02T22:23:08+00:00\",\"dateModified\":\"2022-10-24T19:46:29+00:00\",\"breadcrumb\":{\"@id\":\"https:\/\/malamik.se\/shop\/produkt\/ansiktsmask-i-tyg\/#breadcrumb\"},\"inLanguage\":\"sv-SE\",\"potentialAction\":[{\"@type\":\"ReadAction\",\"target\":[\"https:\/\/malamik.se\/shop\/produkt\/ansiktsmask-i-tyg\/\"]}]},{\"@type\":\"BreadcrumbList\",\"@id\":\"https:\/\/malamik.se\/shop\/produkt\/ansiktsmask-i-tyg\/#breadcrumb\",\"itemListElement\":[{\"@type\":\"ListItem\",\"position\":1,\"name\":\"Hem\",\"item\":\"https:\/\/malamik.se\/shop\/\"},{\"@type\":\"ListItem\",\"position\":2,\"name\":\"Webbutik\",\"item\":\"https:\/\/malamik.se\/shop\/butik\/\"},{\"@type\":\"ListItem\",\"position\":3,\"name\":\"Tygmask\"}]}]}<\/script>\n<!-- \/ Yoast SEO plugin. -->","yoast_head_json":{"title":"Tygmask - M\u00e5lamiks webbshop","robots":{"index":"index","follow":"follow","max-snippet":"max-snippet:-1","max-image-preview":"max-image-preview:large","max-video-preview":"max-video-preview:-1"},"canonical":"https:\/\/malamik.se\/shop\/produkt\/ansiktsmask-i-tyg\/","og_locale":"sv_SE","og_type":"article","og_title":"Tygmask - M\u00e5lamiks webbshop","og_description":"Tygmasker med waleska m\u00f6nster.  Handgjorda i Wales, Storbrittanien, av ett litet familjef\u00f6retag.  Tv\u00e4ttas i 60 grader.  Masken har tv\u00e5 hyfsat tjocka lager tyg, men \u00e4r \u00e4nd\u00e5 l\u00e4tt att andas genom. Det innersta lagret \u00e4r i mjuk bomull, och yttre lagret \u00e4r i polyester och bomull.  Maskens f\u00e4sten kan l\u00e4tt justeras f\u00f6r att sitta bra.  Tygmasken ska inte anv\u00e4ndas ist\u00e4llet f\u00f6r att h\u00e5lla avst\u00e5nd till varandra eller tv\u00e4tta h\u00e4nderna, utan i kombination till de b\u00e5da.  DETTA \u00c4R INTE EN MEDICINSK PRODUKT  Detta \u00e4r en hygienprodukt, och d\u00e4rmed r\u00e5der ingen returr\u00e4tt.","og_url":"https:\/\/malamik.se\/shop\/produkt\/ansiktsmask-i-tyg\/","og_site_name":"M\u00e5lamiks webbshop","article_modified_time":"2022-10-24T19:46:29+00:00","og_image":[{"width":720,"height":960,"url":"https:\/\/malamik.se\/shop\/wp-content\/uploads\/2021\/02\/r0-jbHosEemWUzjpNnf7jQ-dDcAEmWkEeuE9Mnn_41hrA.jpeg","path":"\/home\/malamiks\/public_html\/shop\/wp-content\/uploads\/2021\/02\/r0-jbHosEemWUzjpNnf7jQ-dDcAEmWkEeuE9Mnn_41hrA.jpeg","size":"full","id":2174,"alt":"","pixels":691200,"type":"image\/jpeg"}],"twitter_card":"summary_large_image","twitter_misc":{"Ber\u00e4knad l\u00e4stid":"1 minut"},"schema":{"@context":"https:\/\/schema.org","@graph":[{"@type":"WebSite","@id":"https:\/\/malamik.se\/shop\/#website","url":"https:\/\/malamik.se\/shop\/","name":"M\u00e5lamiks webbshop","description":"","potentialAction":[{"@type":"SearchAction","target":{"@type":"EntryPoint","urlTemplate":"https:\/\/malamik.se\/shop\/?s={search_term_string}"},"query-input":"required name=search_term_string"}],"inLanguage":"sv-SE"},{"@type":"ImageObject","@id":"https:\/\/malamik.se\/shop\/produkt\/ansiktsmask-i-tyg\/#primaryimage","inLanguage":"sv-SE","url":"https:\/\/malamik.se\/shop\/wp-content\/uploads\/2021\/02\/r0-jbHosEemWUzjpNnf7jQ-dDcAEmWkEeuE9Mnn_41hrA.jpeg","contentUrl":"https:\/\/malamik.se\/shop\/wp-content\/uploads\/2021\/02\/r0-jbHosEemWUzjpNnf7jQ-dDcAEmWkEeuE9Mnn_41hrA.jpeg","width":720,"height":960},{"@type":"WebPage","@id":"https:\/\/malamik.se\/shop\/produkt\/ansiktsmask-i-tyg\/#webpage","url":"https:\/\/malamik.se\/shop\/produkt\/ansiktsmask-i-tyg\/","name":"Tygmask - M\u00e5lamiks webbshop","isPartOf":{"@id":"https:\/\/malamik.se\/shop\/#website"},"primaryImageOfPage":{"@id":"https:\/\/malamik.se\/shop\/produkt\/ansiktsmask-i-tyg\/#primaryimage"},"datePublished":"2021-02-02T22:23:08+00:00","dateModified":"2022-10-24T19:46:29+00:00","breadcrumb":{"@id":"https:\/\/malamik.se\/shop\/produkt\/ansiktsmask-i-tyg\/#breadcrumb"},"inLanguage":"sv-SE","potentialAction":[{"@type":"ReadAction","target":["https:\/\/malamik.se\/shop\/produkt\/ansiktsmask-i-tyg\/"]}]},{"@type":"BreadcrumbList","@id":"https:\/\/malamik.se\/shop\/produkt\/ansiktsmask-i-tyg\/#breadcrumb","itemListElement":[{"@type":"ListItem","position":1,"name":"Hem","item":"https:\/\/malamik.se\/shop\/"},{"@type":"ListItem","position":2,"name":"Webbutik","item":"https:\/\/malamik.se\/shop\/butik\/"},{"@type":"ListItem","position":3,"name":"Tygmask"}]}]}},"_links":{"self":[{"href":"https:\/\/malamik.se\/shop\/wp-json\/wp\/v2\/product\/2168"}],"collection":[{"href":"https:\/\/malamik.se\/shop\/wp-json\/wp\/v2\/product"}],"about":[{"href":"https:\/\/malamik.se\/shop\/wp-json\/wp\/v2\/types\/product"}],"wp:featuredmedia":[{"embeddable":true,"href":"https:\/\/malamik.se\/shop\/wp-json\/wp\/v2\/media\/2174"}],"wp:attachment":[{"href":"https:\/\/malamik.se\/shop\/wp-json\/wp\/v2\/media?parent=2168"}],"wp:term":[{"taxonomy":"product_cat","embeddable":true,"href":"https:\/\/malamik.se\/shop\/wp-json\/wp\/v2\/product_cat?post=2168"},{"taxonomy":"product_tag","embeddable":true,"href":"https:\/\/malamik.se\/shop\/wp-json\/wp\/v2\/product_tag?post=2168"}],"curies":[{"name":"wp","href":"https:\/\/api.w.org\/{rel}","templated":true}]}}